{"id":9,"date":"2019-12-05T04:53:28","date_gmt":"2019-12-05T04:53:28","guid":{"rendered":"http:\/\/moitruongnguyen.com\/?page_id=9"},"modified":"2024-12-03T01:56:36","modified_gmt":"2024-12-03T01:56:36","slug":"about","status":"publish","type":"page","link":"http:\/\/moitruongnguyen.com\/index.php\/about\/","title":{"rendered":"GI\u1edaI THI\u1ec6U"},"content":{"rendered":"\n<h3 class=\"wp-block-heading\">\ud83c\udf1f&nbsp;<strong>Kh\u00f3a H\u1ecdc Vi\u1ebft v\u00e0 N\u00f3i S\u00e1ng T\u1ea1o \u2013 C\u00f9ng Kh\u00e1m Ph\u00e1 Th\u1ebf Gi\u1edbi K\u1ef3 Di\u1ec7u C\u1ee7a T\u1eeb Ng\u1eef!<\/strong>&nbsp;\ud83c\udf1f<\/h3>\n\n\n\n<p>\ud83d\udd8a\ufe0f&nbsp;<strong>B\u1ea1n c\u00f3 bao gi\u1edd mu\u1ed1n&#8230;<\/strong><\/p>\n\n\n\n<ul class=\"wp-block-list\">\n<li><strong>Vi\u1ebft ra nh\u1eefng c\u00e2u chuy\u1ec7n th\u00fa v\u1ecb<\/strong>&nbsp;v\u1edbi nh\u00e2n v\u1eadt m\u00e0 b\u1ea1n t\u1ef1 t\u1ea1o ra?<\/li>\n\n\n\n<li><strong>N\u00f3i m\u1ed9t c\u00e1ch t\u1ef1 tin<\/strong>&nbsp;tr\u01b0\u1edbc l\u1edbp m\u00e0 kh\u00f4ng c\u1ea3m th\u1ea5y lo l\u1eafng?<\/li>\n\n\n\n<li><strong>S\u00e1ng t\u1ea1o nh\u1eefng \u00fd t\u01b0\u1edfng \u0111\u1ed9c \u0111\u00e1o<\/strong>&nbsp;m\u00e0 m\u1ecdi ng\u01b0\u1eddi \u0111\u1ec1u ph\u1ea3i tr\u1ea7m tr\u1ed3?<\/li>\n<\/ul>\n\n\n\n<p>N\u1ebfu c\u00e2u tr\u1ea3 l\u1eddi l\u00e0 c\u00f3, th\u00ec \u0111\u00e2y ch\u00ednh l\u00e0 kh\u00f3a h\u1ecdc d\u00e0nh cho b\u1ea1n!<\/p>\n\n\n\n<p>\ud83c\udfa8&nbsp;<strong>Kh\u00f3a h\u1ecdc n\u00e0y s\u1ebd gi\u00fap b\u1ea1n:<\/strong><\/p>\n\n\n\n<ul class=\"wp-block-list\">\n<li><strong>Kh\u00e1m ph\u00e1 kh\u1ea3 n\u0103ng s\u00e1ng t\u1ea1o<\/strong>: Vi\u1ebft nh\u1eefng c\u00e2u chuy\u1ec7n phi\u00eau l\u01b0u, t\u1ea1o h\u00ecnh nh\u00e2n v\u1eadt v\u00e0 th\u1ebf gi\u1edbi k\u1ef3 di\u1ec7u ch\u1ec9 c\u00f3 trong tr\u00ed t\u01b0\u1edfng t\u01b0\u1ee3ng c\u1ee7a b\u1ea1n!<\/li>\n\n\n\n<li><strong>N\u00e2ng cao k\u1ef9 n\u0103ng n\u00f3i<\/strong>: T\u1ef1 tin thuy\u1ebft tr\u00ecnh, k\u1ec3 chuy\u1ec7n tr\u01b0\u1edbc l\u1edbp m\u00e0 kh\u00f4ng s\u1ee3 sai hay qu\u00ean l\u1eddi.<\/li>\n\n\n\n<li><strong>Vi\u1ebft v\u0103n m\u01b0\u1ee3t m\u00e0<\/strong>: T\u1ea1o ra nh\u1eefng b\u00e0i v\u0103n mi\u00eau t\u1ea3 \u0111\u1eb9p, d\u1ec5 hi\u1ec3u.<\/li>\n\n\n\n<li><strong>Ch\u01a1i v\u1edbi ng\u00f4n ng\u1eef<\/strong>: H\u1ecdc c\u00e1ch s\u1eed d\u1ee5ng t\u1eeb ng\u1eef m\u1ed9t c\u00e1ch vui nh\u1ed9n, th\u00fa v\u1ecb v\u00e0 \u0111\u1ea7y s\u00e1ng t\u1ea1o.<\/li>\n<\/ul>\n\n\n\n<p>\ud83c\udf89&nbsp;<strong>Kh\u00f3a h\u1ecdc n\u00e0y ph\u00f9 h\u1ee3p v\u1edbi b\u1ea1n n\u1ebfu:<\/strong><\/p>\n\n\n\n<ul class=\"wp-block-list\">\n<li>B\u1ea1n l\u00e0 h\u1ecdc sinh ti\u1ec3u h\u1ecdc, c\u1ea5p 2, y\u00eau th\u00edch vi\u1ebft l\u00e1ch v\u00e0 s\u00e1ng t\u1ea1o.<\/li>\n\n\n\n<li>B\u1ea1n mu\u1ed1n c\u1ea3i thi\u1ec7n k\u1ef9 n\u0103ng n\u00f3i v\u00e0 vi\u1ebft \u0111\u1ec3 t\u1ef1 tin h\u01a1n trong h\u1ecdc t\u1eadp v\u00e0 giao ti\u1ebfp.<\/li>\n\n\n\n<li>B\u1ea1n mu\u1ed1n th\u1eed th\u00e1ch b\u1ea3n th\u00e2n v\u00e0 kh\u00e1m ph\u00e1 nh\u1eefng kh\u1ea3 n\u0103ng ti\u1ec1m \u1ea9n trong m\u00ecnh.<\/li>\n\n\n\n<li>B\u1ea1n c\u00f3 r\u1ea5t nhi\u1ec1u \u00fd t\u01b0\u1edfng m\u1edbi l\u1ea1 mu\u1ed1n chia s\u1ebb nh\u01b0ng l\u1ea1i kh\u00f4ng c\u00f3 n\u01a1i \u0111\u1ec3 tr\u00ecnh b\u00e0y.<\/li>\n<\/ul>\n\n\n\n<p>\ud83d\ude80&nbsp;<strong>T\u1ea1i sao b\u1ea1n n\u00ean tham gia kh\u00f3a h\u1ecdc n\u00e0y?<\/strong><\/p>\n\n\n\n<ul class=\"wp-block-list\">\n<li><strong>L\u1edbp h\u1ecdc vui v\u1ebb v\u00e0 d\u1ec5 hi\u1ec3u<\/strong>: Ch\u00fang t\u00f4i s\u1eed d\u1ee5ng c\u00e1c tr\u00f2 ch\u01a1i, c\u00e2u \u0111\u1ed1 v\u00e0 ho\u1ea1t \u0111\u1ed9ng s\u00e1ng t\u1ea1o \u0111\u1ec3 b\u1ea1n h\u1ecdc m\u00e0 kh\u00f4ng c\u1ea3m th\u1ea5y nh\u00e0m ch\u00e1n.<\/li>\n\n\n\n<li><strong>Gi\u1ea3ng vi\u00ean th\u00e2n thi\u1ec7n<\/strong>: B\u1ea1n s\u1ebd \u0111\u01b0\u1ee3c h\u01b0\u1edbng d\u1eabn b\u1edfi nh\u1eefng ng\u01b0\u1eddi th\u1ea7y, c\u00f4 d\u1ec5 g\u1ea7n v\u00e0 lu\u00f4n t\u1ea1o ra kh\u00f4ng gian h\u1ecdc tho\u1ea3i m\u00e1i, vui v\u1ebb.<\/li>\n\n\n\n<li><strong>\u0110\u01b0\u1ee3c tham gia c\u00e1c th\u1eed th\u00e1ch s\u00e1ng t\u1ea1o<\/strong>: B\u1ea1n s\u1ebd vi\u1ebft v\u00e0 n\u00f3i theo \u00fd th\u00edch, th\u1ec3 hi\u1ec7n t\u00e0i n\u0103ng c\u1ee7a m\u00ecnh!<\/li>\n<\/ul>\n\n\n\n<p>\ud83c\udf08&nbsp;<strong>H\u00e3y c\u00f9ng tham gia kh\u00f3a h\u1ecdc \u0111\u1ec3 tr\u1edf th\u00e0nh m\u1ed9t nh\u00e0 s\u00e1ng t\u1ea1o t\u00e0i ba<\/strong>&nbsp;\u2013 ng\u01b0\u1eddi c\u00f3 th\u1ec3 vi\u1ebft n\u00ean nh\u1eefng c\u00e2u chuy\u1ec7n k\u1ef3 di\u1ec7u v\u00e0 n\u00f3i nh\u1eefng \u0111i\u1ec1u l\u00e0m m\u1ecdi ng\u01b0\u1eddi ph\u1ea3i ch\u00fa \u00fd!<\/p>\n\n\n\n<p>\ud83c\udfaf&nbsp;<strong>Ch\u1ec9 c\u1ea7n \u0111\u0103ng k\u00fd ngay, v\u00e0 th\u1ebf gi\u1edbi k\u1ef3 di\u1ec7u c\u1ee7a t\u1eeb ng\u1eef s\u1ebd m\u1edf ra tr\u01b0\u1edbc m\u1eaft b\u1ea1n!<\/strong><\/p>\n","protected":false},"excerpt":{"rendered":"<div class=\"mh-excerpt\"><p>\ud83c\udf1f&nbsp;Kh\u00f3a H\u1ecdc Vi\u1ebft v\u00e0 N\u00f3i S\u00e1ng T\u1ea1o \u2013 C\u00f9ng Kh\u00e1m Ph\u00e1 Th\u1ebf Gi\u1edbi K\u1ef3 Di\u1ec7u C\u1ee7a T\u1eeb Ng\u1eef!&nbsp;\ud83c\udf1f \ud83d\udd8a\ufe0f&nbsp;B\u1ea1n c\u00f3 bao gi\u1edd mu\u1ed1n&#8230; N\u1ebfu c\u00e2u <a class=\"mh-excerpt-more\" href=\"http:\/\/moitruongnguyen.com\/index.php\/about\/\" title=\"GI\u1edaI THI\u1ec6U\">[&#8230;]<\/a><\/p>\n<\/div>","protected":false},"author":1,"featured_media":6,"parent":0,"menu_order":0,"comment_status":"closed","ping_status":"closed","template":"","meta":{"footnotes":""},"class_list":["post-9","page","type-page","status-publish","has-post-thumbnail","hentry"],"_links":{"self":[{"href":"http:\/\/moitruongnguyen.com\/index.php\/wp-json\/wp\/v2\/pages\/9"}],"collection":[{"href":"http:\/\/moitruongnguyen.com\/index.php\/wp-json\/wp\/v2\/pages"}],"about":[{"href":"http:\/\/moitruongnguyen.com\/index.php\/wp-json\/wp\/v2\/types\/page"}],"author":[{"embeddable":true,"href":"http:\/\/moitruongnguyen.com\/index.php\/wp-json\/wp\/v2\/users\/1"}],"replies":[{"embeddable":true,"href":"http:\/\/moitruongnguyen.com\/index.php\/wp-json\/wp\/v2\/comments?post=9"}],"version-history":[{"count":6,"href":"http:\/\/moitruongnguyen.com\/index.php\/wp-json\/wp\/v2\/pages\/9\/revisions"}],"predecessor-version":[{"id":213,"href":"http:\/\/moitruongnguyen.com\/index.php\/wp-json\/wp\/v2\/pages\/9\/revisions\/213"}],"wp:featuredmedia":[{"embeddable":true,"href":"http:\/\/moitruongnguyen.com\/index.php\/wp-json\/wp\/v2\/media\/6"}],"wp:attachment":[{"href":"http:\/\/moitruongnguyen.com\/index.php\/wp-json\/wp\/v2\/media?parent=9"}],"curies":[{"name":"wp","href":"https:\/\/api.w.org\/{rel}","templated":true}]}}